{"id":110,"date":"2022-04-15T18:33:32","date_gmt":"2022-04-16T00:33:32","guid":{"rendered":"https:\/\/wifyx.com.mx\/?page_id=110"},"modified":"2022-04-15T18:33:32","modified_gmt":"2022-04-16T00:33:32","slug":"politicas-de-gestion-y-administracion","status":"publish","type":"page","link":"https:\/\/wifyx.com.mx\/?page_id=110","title":{"rendered":"POL\u00cdTICAS DE GESTI\u00d3N Y ADMINISTRACI\u00d3N"},"content":{"rendered":"\n<figure class=\"wp-block-image size-large\"><img decoding=\"async\" loading=\"lazy\" width=\"791\" height=\"1024\" src=\"https:\/\/wifyx.com.mx\/wp-content\/uploads\/2022\/04\/COD-POL-ADMON-RED-05-04-2022_page-0003-791x1024.jpg\" alt=\"\" class=\"wp-image-113\" srcset=\"https:\/\/wifyx.com.mx\/wp-content\/uploads\/2022\/04\/COD-POL-ADMON-RED-05-04-2022_page-0003-791x1024.jpg 791w, https:\/\/wifyx.com.mx\/wp-content\/uploads\/2022\/04\/COD-POL-ADMON-RED-05-04-2022_page-0003-232x300.jpg 232w, https:\/\/wifyx.com.mx\/wp-content\/uploads\/2022\/04\/COD-POL-ADMON-RED-05-04-2022_page-0003-768x994.jpg 768w, https:\/\/wifyx.com.mx\/wp-content\/uploads\/2022\/04\/COD-POL-ADMON-RED-05-04-2022_page-0003-1187x1536.jpg 1187w, https:\/\/wifyx.com.mx\/wp-content\/uploads\/2022\/04\/COD-POL-ADMON-RED-05-04-2022_page-0003.jpg 1275w\" sizes=\"(max-width: 767px) 89vw, (max-width: 1000px) 54vw, (max-width: 1071px) 543px, 580px\" \/><\/figure>\n\n\n\n<figure class=\"wp-block-image size-large\"><img decoding=\"async\" loading=\"lazy\" width=\"791\" height=\"1024\" src=\"https:\/\/wifyx.com.mx\/wp-content\/uploads\/2022\/04\/COD-POL-ADMON-RED-05-04-2022_page-0004-791x1024.jpg\" alt=\"\" class=\"wp-image-114\" srcset=\"https:\/\/wifyx.com.mx\/wp-content\/uploads\/2022\/04\/COD-POL-ADMON-RED-05-04-2022_page-0004-791x1024.jpg 791w, https:\/\/wifyx.com.mx\/wp-content\/uploads\/2022\/04\/COD-POL-ADMON-RED-05-04-2022_page-0004-232x300.jpg 232w, https:\/\/wifyx.com.mx\/wp-content\/uploads\/2022\/04\/COD-POL-ADMON-RED-05-04-2022_page-0004-768x994.jpg 768w, https:\/\/wifyx.com.mx\/wp-content\/uploads\/2022\/04\/COD-POL-ADMON-RED-05-04-2022_page-0004-1187x1536.jpg 1187w, https:\/\/wifyx.com.mx\/wp-content\/uploads\/2022\/04\/COD-POL-ADMON-RED-05-04-2022_page-0004.jpg 1275w\" sizes=\"(max-width: 767px) 89vw, (max-width: 1000px) 54vw, (max-width: 1071px) 543px, 580px\" \/><\/figure>\n\n\n\n<figure class=\"wp-block-image size-large\"><img decoding=\"async\" loading=\"lazy\" width=\"791\" height=\"1024\" src=\"https:\/\/wifyx.com.mx\/wp-content\/uploads\/2022\/04\/COD-POL-ADMON-RED-05-04-2022_page-0005-791x1024.jpg\" alt=\"\" class=\"wp-image-115\" srcset=\"https:\/\/wifyx.com.mx\/wp-content\/uploads\/2022\/04\/COD-POL-ADMON-RED-05-04-2022_page-0005-791x1024.jpg 791w, https:\/\/wifyx.com.mx\/wp-content\/uploads\/2022\/04\/COD-POL-ADMON-RED-05-04-2022_page-0005-232x300.jpg 232w, https:\/\/wifyx.com.mx\/wp-content\/uploads\/2022\/04\/COD-POL-ADMON-RED-05-04-2022_page-0005-768x994.jpg 768w, https:\/\/wifyx.com.mx\/wp-content\/uploads\/2022\/04\/COD-POL-ADMON-RED-05-04-2022_page-0005-1187x1536.jpg 1187w, https:\/\/wifyx.com.mx\/wp-content\/uploads\/2022\/04\/COD-POL-ADMON-RED-05-04-2022_page-0005.jpg 1275w\" sizes=\"(max-width: 767px) 89vw, (max-width: 1000px) 54vw, (max-width: 1071px) 543px, 580px\" \/><\/figure>\n\n\n\n<figure class=\"wp-block-image size-large\"><img decoding=\"async\" loading=\"lazy\" width=\"791\" height=\"1024\" src=\"https:\/\/wifyx.com.mx\/wp-content\/uploads\/2022\/04\/COD-POL-ADMON-RED-05-04-2022_page-0006-791x1024.jpg\" alt=\"\" class=\"wp-image-116\" srcset=\"https:\/\/wifyx.com.mx\/wp-content\/uploads\/2022\/04\/COD-POL-ADMON-RED-05-04-2022_page-0006-791x1024.jpg 791w, https:\/\/wifyx.com.mx\/wp-content\/uploads\/2022\/04\/COD-POL-ADMON-RED-05-04-2022_page-0006-232x300.jpg 232w, https:\/\/wifyx.com.mx\/wp-content\/uploads\/2022\/04\/COD-POL-ADMON-RED-05-04-2022_page-0006-768x994.jpg 768w, https:\/\/wifyx.com.mx\/wp-content\/uploads\/2022\/04\/COD-POL-ADMON-RED-05-04-2022_page-0006-1187x1536.jpg 1187w, https:\/\/wifyx.com.mx\/wp-content\/uploads\/2022\/04\/COD-POL-ADMON-RED-05-04-2022_page-0006.jpg 1275w\" sizes=\"(max-width: 767px) 89vw, (max-width: 1000px) 54vw, (max-width: 1071px) 543px, 580px\" \/><\/figure>\n\n\n\n<figure class=\"wp-block-image size-large\"><img decoding=\"async\" loading=\"lazy\" width=\"791\" height=\"1024\" src=\"https:\/\/wifyx.com.mx\/wp-content\/uploads\/2022\/04\/COD-POL-ADMON-RED-05-04-2022_page-0007-791x1024.jpg\" alt=\"\" class=\"wp-image-117\" srcset=\"https:\/\/wifyx.com.mx\/wp-content\/uploads\/2022\/04\/COD-POL-ADMON-RED-05-04-2022_page-0007-791x1024.jpg 791w, https:\/\/wifyx.com.mx\/wp-content\/uploads\/2022\/04\/COD-POL-ADMON-RED-05-04-2022_page-0007-232x300.jpg 232w, https:\/\/wifyx.com.mx\/wp-content\/uploads\/2022\/04\/COD-POL-ADMON-RED-05-04-2022_page-0007-768x994.jpg 768w, https:\/\/wifyx.com.mx\/wp-content\/uploads\/2022\/04\/COD-POL-ADMON-RED-05-04-2022_page-0007-1187x1536.jpg 1187w, https:\/\/wifyx.com.mx\/wp-content\/uploads\/2022\/04\/COD-POL-ADMON-RED-05-04-2022_page-0007.jpg 1275w\" sizes=\"(max-width: 767px) 89vw, (max-width: 1000px) 54vw, (max-width: 1071px) 543px, 580px\" \/><\/figure>\n\n\n\n<figure class=\"wp-block-image size-large\"><img decoding=\"async\" loading=\"lazy\" width=\"791\" height=\"1024\" src=\"https:\/\/wifyx.com.mx\/wp-content\/uploads\/2022\/04\/COD-POL-ADMON-RED-05-04-2022_page-0008-791x1024.jpg\" alt=\"\" class=\"wp-image-118\" srcset=\"https:\/\/wifyx.com.mx\/wp-content\/uploads\/2022\/04\/COD-POL-ADMON-RED-05-04-2022_page-0008-791x1024.jpg 791w, https:\/\/wifyx.com.mx\/wp-content\/uploads\/2022\/04\/COD-POL-ADMON-RED-05-04-2022_page-0008-232x300.jpg 232w, https:\/\/wifyx.com.mx\/wp-content\/uploads\/2022\/04\/COD-POL-ADMON-RED-05-04-2022_page-0008-768x994.jpg 768w, https:\/\/wifyx.com.mx\/wp-content\/uploads\/2022\/04\/COD-POL-ADMON-RED-05-04-2022_page-0008-1187x1536.jpg 1187w, https:\/\/wifyx.com.mx\/wp-content\/uploads\/2022\/04\/COD-POL-ADMON-RED-05-04-2022_page-0008.jpg 1275w\" sizes=\"(max-width: 767px) 89vw, (max-width: 1000px) 54vw, (max-width: 1071px) 543px, 580px\" \/><\/figure>\n\n\n\n<figure class=\"wp-block-image size-large\"><img decoding=\"async\" loading=\"lazy\" width=\"791\" height=\"1024\" src=\"https:\/\/wifyx.com.mx\/wp-content\/uploads\/2022\/04\/COD-POL-ADMON-RED-05-04-2022_page-0009-791x1024.jpg\" alt=\"\" class=\"wp-image-119\" srcset=\"https:\/\/wifyx.com.mx\/wp-content\/uploads\/2022\/04\/COD-POL-ADMON-RED-05-04-2022_page-0009-791x1024.jpg 791w, https:\/\/wifyx.com.mx\/wp-content\/uploads\/2022\/04\/COD-POL-ADMON-RED-05-04-2022_page-0009-232x300.jpg 232w, https:\/\/wifyx.com.mx\/wp-content\/uploads\/2022\/04\/COD-POL-ADMON-RED-05-04-2022_page-0009-768x994.jpg 768w, https:\/\/wifyx.com.mx\/wp-content\/uploads\/2022\/04\/COD-POL-ADMON-RED-05-04-2022_page-0009-1187x1536.jpg 1187w, https:\/\/wifyx.com.mx\/wp-content\/uploads\/2022\/04\/COD-POL-ADMON-RED-05-04-2022_page-0009.jpg 1275w\" sizes=\"(max-width: 767px) 89vw, (max-width: 1000px) 54vw, (max-width: 1071px) 543px, 580px\" \/><\/figure>\n\n\n\n<figure class=\"wp-block-image size-large\"><img decoding=\"async\" loading=\"lazy\" width=\"791\" height=\"1024\" src=\"https:\/\/wifyx.com.mx\/wp-content\/uploads\/2022\/04\/COD-POL-ADMON-RED-05-04-2022_page-0010-791x1024.jpg\" alt=\"\" class=\"wp-image-120\" srcset=\"https:\/\/wifyx.com.mx\/wp-content\/uploads\/2022\/04\/COD-POL-ADMON-RED-05-04-2022_page-0010-791x1024.jpg 791w, https:\/\/wifyx.com.mx\/wp-content\/uploads\/2022\/04\/COD-POL-ADMON-RED-05-04-2022_page-0010-232x300.jpg 232w, https:\/\/wifyx.com.mx\/wp-content\/uploads\/2022\/04\/COD-POL-ADMON-RED-05-04-2022_page-0010-768x994.jpg 768w, https:\/\/wifyx.com.mx\/wp-content\/uploads\/2022\/04\/COD-POL-ADMON-RED-05-04-2022_page-0010-1187x1536.jpg 1187w, https:\/\/wifyx.com.mx\/wp-content\/uploads\/2022\/04\/COD-POL-ADMON-RED-05-04-2022_page-0010.jpg 1275w\" sizes=\"(max-width: 767px) 89vw, (max-width: 1000px) 54vw, (max-width: 1071px) 543px, 580px\" \/><\/figure>\n\n\n\n<div class=\"wp-block-file\"><object class=\"wp-block-file__embed\" data=\"https:\/\/wifyx.com.mx\/wp-content\/uploads\/2022\/04\/COD-POL-ADMON-RED-05-04-2022.pdf\" type=\"application\/pdf\" style=\"width:100%;height:600px\" aria-label=\"Embed of Incrustado de COD-POL-ADMON-RED-05-04-2022..\"><\/object><a href=\"https:\/\/wifyx.com.mx\/wp-content\/uploads\/2022\/04\/COD-POL-ADMON-RED-05-04-2022.pdf\">COD-POL-ADMON-RED-05-04-2022<\/a><a href=\"https:\/\/wifyx.com.mx\/wp-content\/uploads\/2022\/04\/COD-POL-ADMON-RED-05-04-2022.pdf\" class=\"wp-block-file__button\" download>Descarga<\/a><\/div>\n\n\n\n<p>Aqu\u00ed puedes descargar la versi\u00f3n imprimible en pdf<\/p>\n","protected":false},"excerpt":{"rendered":"<p>Aqu\u00ed puedes descargar la versi\u00f3n imprimible en pdf<\/p>\n","protected":false},"author":1,"featured_media":0,"parent":0,"menu_order":0,"comment_status":"closed","ping_status":"closed","template":"","meta":[],"_links":{"self":[{"href":"https:\/\/wifyx.com.mx\/index.php?rest_route=\/wp\/v2\/pages\/110"}],"collection":[{"href":"https:\/\/wifyx.com.mx\/index.php?rest_route=\/wp\/v2\/pages"}],"about":[{"href":"https:\/\/wifyx.com.mx\/index.php?rest_route=\/wp\/v2\/types\/page"}],"author":[{"embeddable":true,"href":"https:\/\/wifyx.com.mx\/index.php?rest_route=\/wp\/v2\/users\/1"}],"replies":[{"embeddable":true,"href":"https:\/\/wifyx.com.mx\/index.php?rest_route=%2Fwp%2Fv2%2Fcomments&post=110"}],"version-history":[{"count":1,"href":"https:\/\/wifyx.com.mx\/index.php?rest_route=\/wp\/v2\/pages\/110\/revisions"}],"predecessor-version":[{"id":122,"href":"https:\/\/wifyx.com.mx\/index.php?rest_route=\/wp\/v2\/pages\/110\/revisions\/122"}],"wp:attachment":[{"href":"https:\/\/wifyx.com.mx\/index.php?rest_route=%2Fwp%2Fv2%2Fmedia&parent=110"}],"curies":[{"name":"wp","href":"https:\/\/api.w.org\/{rel}","templated":true}]}}